{"id":142,"date":"2022-08-03T00:16:52","date_gmt":"2022-08-02T23:16:52","guid":{"rendered":"https:\/\/loge-suelfmeister.de\/?page_id=142"},"modified":"2025-01-31T00:01:33","modified_gmt":"2025-01-30T23:01:33","slug":"impressum","status":"publish","type":"page","link":"https:\/\/loge-suelfmeister.de\/index.php\/impressum\/","title":{"rendered":"Impressum"},"content":{"rendered":"\n<p>Angaben gem\u00e4\u00df \u00a7 5 TMG<\/p>\n\n\n\n<p>www.loge-suelfmeister.de<br>info(et)loge-suelfmeister.de<\/p>\n\n\n\n<p>Loge S\u00fclfmeister e.V.<br>im Deutschen Druiden-Orden VAOD e.V.<br>Am Wieneb\u00fctteler Weg 1<br>21339 L\u00fcneburg<br><br>Zugang Logenhaus \u00fcber Brockwinkler Weg, 21339 L\u00fcneburg<\/p>\n\n\n\n<p><\/p>\n\n\n\n<p><\/p>\n\n\n\n<p><\/p>\n\n\n\n<p>Hans-Ullrich-Goebel (1. Vorsitzender)<br>E-Mail: vorstand(et)loge-suelfmeister.de<\/p>\n\n\n\n<p>Verwendung des Siebensterns und Hinweis zur Satzung<\/p>\n\n\n\n<p>Der siebenstrahlige Stern als \u00e4u\u00dferes Zeichen des Deutschen Druiden-Ordens VAOD e.V., ist als Bildmarke unter der Registernummer 30 2010 013 053 beim Deutschen Patent- und Markenamt eingetragen. Die Satzung des Vereins Loge S\u00fclfmeister e.V. ist eingetragen beim Amtsgericht L\u00fcneburg, Vereinsregister Nr. VR 200026. Die Satzung des Deutschen Druiden-Ordens VAOD e.v.  ist eingetragen unter VR 8655 beim Amtsgericht M\u00fcnchen.<\/p>\n\n\n\n<p>Copyright<\/p>\n\n\n\n<p>Die durch die Seitenbetreiber erstellten Inhalte und Werke auf diesen Seiten unterliegen dem deutschen Urheberrecht. Die Vervielf\u00e4ltigung, Bearbeitung, Verbreitung und jede Art der Verwertung au\u00dferhalb der Grenzen des Urheberrechtes bed\u00fcrfen der schriftlichen Zustimmung des jeweiligen Autors bzw. Erstellers. Downloads und Kopien dieser Seite sind nur f\u00fcr den privaten, nicht kommerziellen Gebrauch gestattet. Soweit die Inhalte auf dieser Seite nicht vom Betreiber erstellt wurden, werden die Urheberrechte Dritter beachtet. Insbesondere werden Inhalte Dritter als solche gekennzeichnet. Sollten Sie trotzdem auf eine Urheberrechtsverletzung aufmerksam werden, bitten wir um einen entsprechenden Hinweis. Bei Bekanntwerden von Rechtsverletzungen werden wir derartige Inhalte umgehend entfernen.<\/p>\n\n\n\n<p>Quelle: https:\/\/www.e-recht24.de<\/p>\n","protected":false},"excerpt":{"rendered":"<p>Angaben gem\u00e4\u00df \u00a7 5 TMG www.loge-suelfmeister.deinfo(et)loge-suelfmeister.de Loge S\u00fclfmeister e.V.im Deutschen Druiden-Orden VAOD e.V.Am Wieneb\u00fctteler Weg 121339 L\u00fcneburg Zugang Logenhaus \u00fcber Brockwinkler Weg, 21339 L\u00fcneburg Hans-Ullrich-Goebel (1. Vorsitzender)E-Mail: vorstand(et)loge-suelfmeister.de Verwendung des Siebensterns und Hinweis zur Satzung Der siebenstrahlige Stern als \u00e4u\u00dferes Zeichen des Deutschen Druiden-Ordens VAOD e.V., ist als Bildmarke unter der Registernummer 30 2010 013 &hellip; <\/p>\n<p class=\"link-more\"><a href=\"https:\/\/loge-suelfmeister.de\/index.php\/impressum\/\" class=\"more-link\"><span class=\"screen-reader-text\">\u201eImpressum\u201c<\/span> weiterlesen<\/a><\/p>\n","protected":false},"author":2,"featured_media":0,"parent":0,"menu_order":0,"comment_status":"closed","ping_status":"closed","template":"","meta":{"footnotes":""},"class_list":["post-142","page","type-page","status-publish","hentry"],"_links":{"self":[{"href":"https:\/\/loge-suelfmeister.de\/index.php\/wp-json\/wp\/v2\/pages\/142","targetHints":{"allow":["GET"]}}],"collection":[{"href":"https:\/\/loge-suelfmeister.de\/index.php\/wp-json\/wp\/v2\/pages"}],"about":[{"href":"https:\/\/loge-suelfmeister.de\/index.php\/wp-json\/wp\/v2\/types\/page"}],"author":[{"embeddable":true,"href":"https:\/\/loge-suelfmeister.de\/index.php\/wp-json\/wp\/v2\/users\/2"}],"replies":[{"embeddable":true,"href":"https:\/\/loge-suelfmeister.de\/index.php\/wp-json\/wp\/v2\/comments?post=142"}],"version-history":[{"count":7,"href":"https:\/\/loge-suelfmeister.de\/index.php\/wp-json\/wp\/v2\/pages\/142\/revisions"}],"predecessor-version":[{"id":251,"href":"https:\/\/loge-suelfmeister.de\/index.php\/wp-json\/wp\/v2\/pages\/142\/revisions\/251"}],"wp:attachment":[{"href":"https:\/\/loge-suelfmeister.de\/index.php\/wp-json\/wp\/v2\/media?parent=142"}],"curies":[{"name":"wp","href":"https:\/\/api.w.org\/{rel}","templated":true}]}}