{"id":2,"date":"2021-12-04T11:27:14","date_gmt":"2021-12-04T10:27:14","guid":{"rendered":"http:\/\/beta.loge-suelfmeister.de\/?page_id=2"},"modified":"2022-07-12T15:51:21","modified_gmt":"2022-07-12T14:51:21","slug":"willkommen","status":"publish","type":"page","link":"https:\/\/loge-suelfmeister.de\/","title":{"rendered":"Willkommen"},"content":{"rendered":"\t\t<div data-elementor-type=\"wp-page\" data-elementor-id=\"2\" class=\"elementor elementor-2\">\n\t\t\t\t\t\t<section class=\"elementor-section elementor-top-section elementor-element elementor-element-4535f55e elementor-section-boxed elementor-section-height-default elementor-section-height-default\" data-id=\"4535f55e\" data-element_type=\"section\">\n\t\t\t\t\t\t<div class=\"elementor-container elementor-column-gap-default\">\n\t\t\t\t\t<div class=\"elementor-column elementor-col-100 elementor-top-column elementor-element elementor-element-7caa140c\" data-id=\"7caa140c\" data-element_type=\"column\">\n\t\t\t<div class=\"elementor-widget-wrap elementor-element-populated\">\n\t\t\t\t\t\t<div class=\"elementor-element elementor-element-730e8731 elementor-widget elementor-widget-text-editor\" data-id=\"730e8731\" data-element_type=\"widget\" data-widget_type=\"text-editor.default\">\n\t\t\t\t<div class=\"elementor-widget-container\">\n\t\t\t\t\t\t\t\t\t\n<p>Wir sind ein bald 250 Jahre altes soziales Netzwerk.&nbsp;<\/p>\n\n\n\n<p>Sie finden bei uns einen Rahmen f\u00fcr ehrliche und offene Gespr\u00e4che; die Begegnung mit unterschiedlichen Lebenserfahrungen, Meinungen und Standpunkten; Vertrauen und gegenseitigen Respekt.<\/p>\n\n\n\n<p>Unser Leitstern ist das Ideal der Aufkl\u00e4rung: \u201eHabe den Mut, dich deines eigenen Verstandes zu bedienen!\u201c<\/p>\n\n\n\n<p>Der Name \u201eDruide&#8220; weist auf unsere Gr\u00fcnderjahre hin. Er symbolisiert die Verbindung von Herz und Verstand, Kultur und Natur.<\/p>\n\n\n\n<p>Sie erleben bei uns auch die Pflege traditioneller Werte und Sitten. Sie geben den Menschen Orientierung, kulturelle Identit\u00e4t, Geborgenheit \u2013 und Offenheit f\u00fcr Neues.<\/p>\n\n\n\n<div class=\"wp-block-image\"><figure class=\"aligncenter size-medium\"><img fetchpriority=\"high\" decoding=\"async\" width=\"300\" height=\"300\" src=\"http:\/\/beta.loge-suelfmeister.de\/wp-content\/uploads\/2021\/12\/7Stern_07-_grun-1-300x300.jpg\" alt=\"\" class=\"wp-image-76\" srcset=\"https:\/\/loge-suelfmeister.de\/wp-content\/uploads\/2021\/12\/7Stern_07-_grun-1-300x300.jpg 300w, https:\/\/loge-suelfmeister.de\/wp-content\/uploads\/2021\/12\/7Stern_07-_grun-1-700x700.jpg 700w, https:\/\/loge-suelfmeister.de\/wp-content\/uploads\/2021\/12\/7Stern_07-_grun-1-150x150.jpg 150w, https:\/\/loge-suelfmeister.de\/wp-content\/uploads\/2021\/12\/7Stern_07-_grun-1-768x768.jpg 768w, https:\/\/loge-suelfmeister.de\/wp-content\/uploads\/2021\/12\/7Stern_07-_grun-1-1536x1536.jpg 1536w, https:\/\/loge-suelfmeister.de\/wp-content\/uploads\/2021\/12\/7Stern_07-_grun-1-100x100.jpg 100w, https:\/\/loge-suelfmeister.de\/wp-content\/uploads\/2021\/12\/7Stern_07-_grun-1.jpg 1939w\" sizes=\"(max-width: 300px) 100vw, 300px\" \/><\/figure><\/div>\n\t\t\t\t\t\t\t\t<\/div>\n\t\t\t\t<\/div>\n\t\t\t\t\t<\/div>\n\t\t<\/div>\n\t\t\t\t\t<\/div>\n\t\t<\/section>\n\t\t\t\t<section class=\"elementor-section elementor-top-section elementor-element elementor-element-584731c elementor-section-boxed elementor-section-height-default elementor-section-height-default\" data-id=\"584731c\" data-element_type=\"section\">\n\t\t\t\t\t\t<div class=\"elementor-container elementor-column-gap-default\">\n\t\t\t\t\t<div class=\"elementor-column elementor-col-100 elementor-top-column elementor-element elementor-element-09f6684\" data-id=\"09f6684\" data-element_type=\"column\">\n\t\t\t<div class=\"elementor-widget-wrap elementor-element-populated\">\n\t\t\t\t\t\t<div class=\"elementor-element elementor-element-d0b4c07 elementor-widget elementor-widget-text-editor\" data-id=\"d0b4c07\" data-element_type=\"widget\" data-widget_type=\"text-editor.default\">\n\t\t\t\t<div class=\"elementor-widget-container\">\n\t\t\t\t\t\t\t\t\t<p><\/p>\n<p><b>19. Februar 1922 &#8211; Gr\u00fcndungstag<\/b><strong>.<\/strong><\/p>\n<p>Am Abend des 14. Januar 1922 trafen auf Einladung der Teutonia Loge Harburg ein Anzahl Herren zu einem vertraulichen Vortrag im Hotel Schie\u00dfgraben zusammen; Ziel: Die Herren f\u00fcr die Ideale des Druiden-Ordens zu werben. &#8222;Mit schlichten, klaren, zu Herzen gehenden Worten wu\u00dfte man die Zuh\u00f6rer zu fesseln und f\u00fcr die gute Sache zu gewinnen.&#8220; Noch am selben Abend wurde die Loge gegr\u00fcndet. Am 5. Februar sollten 48 Gr\u00fcnder in den Orden aufgenommen werden und die Loge S\u00fclfmeister installiert werden. Wegen eines Eisenbahnerstreiks mu\u00dfte das auf den 19. Februar 1922 verschoben werden.<\/p>\n<p><strong>Logenhain.<\/strong><\/p>\n<p>Seit dem 15. Oktober 1922 hatte unsere Bruderschaft im Ratskeller des Rathauses ihre R\u00e4ume.<\/p>\n<p><span style=\"color: var( --e-global-color-text ); font-family: var( --e-global-typography-text-font-family ), Sans-serif; font-size: 1rem;\">Aus Mitteln der Loge und durch Eigenarbeit der Br\u00fcder konnte im Jahre 1929, aus bis dahin brachliegenden Kellgerw\u00f6lben, die S\u00fclfmeisterhalle, die Bibliothek und ein Logenraum f\u00fcr unsere rituellen Logen Sitzungen den B\u00fcrgern \u00fcbergeben werden.. Die S\u00fclfmeisterhalle war \u00fcber Jahrzehnte unter den L\u00fcneburger B\u00fcrgern beliebt f\u00fcr festliche Familienfeiern im Ratskeller.<\/span><\/p>\n<p><img decoding=\"async\" class=\"aligncenter wp-image-4601\" src=\"https:\/\/deutscher-druiden-orden.de\/wp-content\/uploads\/2022\/07\/suelfmeisterhain1929.jpg\" alt=\"\" width=\"500\" height=\"402\" \/><\/p>\n<p>Im Jahre 2012 wurde begonnen, den Ratskeller zu sanieren.<br \/>Wir sind umgezogen. Unser Logenheim ist im Anbau von Geb\u00e4ude 33 (Kapellengeb\u00e4ude) auf dem Gel\u00e4nde der PK L\u00fcneburg, Brockwinkler Weg, 21339 L\u00fcneburg.<\/p>\n<p><a href=\"https:\/\/deutscher-druiden-orden.de\/wp-content\/uploads\/2022\/07\/suelfmeisterhain2012.jpg\"><img decoding=\"async\" class=\"aligncenter wp-image-4602\" src=\"https:\/\/deutscher-druiden-orden.de\/wp-content\/uploads\/2022\/07\/suelfmeisterhain2012-1024x724.jpg\" alt=\"\" width=\"500\" height=\"354\" \/><\/a><\/p>\n<p><\/p>\t\t\t\t\t\t\t\t<\/div>\n\t\t\t\t<\/div>\n\t\t\t\t\t<\/div>\n\t\t<\/div>\n\t\t\t\t\t<\/div>\n\t\t<\/section>\n\t\t\t\t<\/div>\n\t\t","protected":false},"excerpt":{"rendered":"<p>Wir sind ein bald 250 Jahre altes soziales Netzwerk.&nbsp; Sie finden bei uns einen Rahmen f\u00fcr ehrliche und offene Gespr\u00e4che; die Begegnung mit unterschiedlichen Lebenserfahrungen, Meinungen und Standpunkten; Vertrauen und gegenseitigen Respekt. Unser Leitstern ist das Ideal der Aufkl\u00e4rung: \u201eHabe den Mut, dich deines eigenen Verstandes zu bedienen!\u201c Der Name \u201eDruide&#8220; weist auf unsere Gr\u00fcnderjahre &hellip; <\/p>\n<p class=\"link-more\"><a href=\"https:\/\/loge-suelfmeister.de\/\" class=\"more-link\"><span class=\"screen-reader-text\">\u201eWillkommen\u201c<\/span> weiterlesen<\/a><\/p>\n","protected":false},"author":1,"featured_media":0,"parent":0,"menu_order":1,"comment_status":"closed","ping_status":"closed","template":"","meta":{"footnotes":""},"class_list":["post-2","page","type-page","status-publish","hentry"],"_links":{"self":[{"href":"https:\/\/loge-suelfmeister.de\/index.php\/wp-json\/wp\/v2\/pages\/2","targetHints":{"allow":["GET"]}}],"collection":[{"href":"https:\/\/loge-suelfmeister.de\/index.php\/wp-json\/wp\/v2\/pages"}],"about":[{"href":"https:\/\/loge-suelfmeister.de\/index.php\/wp-json\/wp\/v2\/types\/page"}],"author":[{"embeddable":true,"href":"https:\/\/loge-suelfmeister.de\/index.php\/wp-json\/wp\/v2\/users\/1"}],"replies":[{"embeddable":true,"href":"https:\/\/loge-suelfmeister.de\/index.php\/wp-json\/wp\/v2\/comments?post=2"}],"version-history":[{"count":13,"href":"https:\/\/loge-suelfmeister.de\/index.php\/wp-json\/wp\/v2\/pages\/2\/revisions"}],"predecessor-version":[{"id":110,"href":"https:\/\/loge-suelfmeister.de\/index.php\/wp-json\/wp\/v2\/pages\/2\/revisions\/110"}],"wp:attachment":[{"href":"https:\/\/loge-suelfmeister.de\/index.php\/wp-json\/wp\/v2\/media?parent=2"}],"curies":[{"name":"wp","href":"https:\/\/api.w.org\/{rel}","templated":true}]}}