{"id":23,"date":"2021-12-04T13:58:36","date_gmt":"2021-12-04T12:58:36","guid":{"rendered":"http:\/\/beta.loge-suelfmeister.de\/?page_id=23"},"modified":"2021-12-04T22:17:39","modified_gmt":"2021-12-04T21:17:39","slug":"wir","status":"publish","type":"page","link":"https:\/\/loge-suelfmeister.de\/index.php\/wir\/","title":{"rendered":"Wir"},"content":{"rendered":"\n<p>Wir, die Br\u00fcder der Loge &#8222;S\u00fclfmeister&#8220; L\u00fcneburg e.V. sind ein modernes M\u00e4nnerb\u00fcndnis, aufgebaut auf den Traditionen des Deutschen Druidenordens und auf die Zukunft ausgerichtet.<\/p>\n\n\n\n<p>Die Loge S\u00fclfmeister verfolgt keine wirtschaftlichen, politischen oder konfessionellen Ziele. Wir sind eine Gemeinschaft einander freundschaftlich verbundener M\u00e4nner, die sich ein nationales wie auch internationales Forum geschaffen haben, das jedem die M\u00f6glichkeit gibt, sich so zu \u00e4u\u00dfern und vorbildlich so zu leben, wie dies seinen Vorstellungen entspricht.<\/p>\n\n\n\n<p>F\u00fcr unsere Bruderschaft gilt:<br>Wohlt\u00e4tigkeit sowie Toleranz, Offenheit und Ehrlichkeit, Verbundenheit, Vertrautheit und Treue untereinander, und dies generations\u00fcbergreifend.<\/p>\n\n\n\n<h2 class=\"wp-block-heading\"><strong>ziele.<\/strong><\/h2>\n\n\n\n<p>Ma\u00dfstab unseres gleichgerichteten Strebens sind positive, harmonische Gemeinschaftserlebnisse. Menschen brauchen erstrebenswerte Ideale und Ziele f\u00fcr die jeweils individuelle Lebensgestaltung. Unsere Logenarbeit kann uns selbst, und durch uns auch unsere Gesellschaft, positiv pr\u00e4gen.<\/p>\n\n\n\n<p>Wir m\u00f6chten \u00fcber unseren Tellerrand hinausschauen und wollen den gesellschaftlichen Problemen der heutigen Zeit gewachsen sein. Wir wollen den Menschen, unabh\u00e4ngig von ihrer Herkunft und Pr\u00e4gung, offen gegen\u00fcberstehen und menschliche Ideale erkennen, verstehen und allt\u00e4glich leben. Wir sind keine Weltverbesserer, wollen aber zukunftsgestaltende Realisten sein.<\/p>\n\n\n\n<p>Wir wollen aufgeschlossen bleiben f\u00fcr die Fragen unserer Zeit und sind bestrebt, unser Wissen zu erweitern und zu vertiefen. In Gespr\u00e4chen, Vortr\u00e4gen und Diskussionen bem\u00fchen wir uns um mehr Klarheit und Wissen,&nbsp; \u00fcberdenken und finden unsere Positionen. Wir wollen andere besser verstehen k\u00f6nnen. Bestand und Entwicklung unserer Gemeinschaft&nbsp; stehen dabei im Vordergrund unserer Aktivit\u00e4ten.<\/p>\n\n\n\n<h2 class=\"wp-block-heading\"><strong>verein.<\/strong><\/h2>\n\n\n\n<p>Die Loge S\u00fclfmeister ist ein eingetragener Verein mit demokratischen Regeln und freiheitlicher Gesinnung. Ihre Mitglieder nennen sich Br\u00fcder. Gef\u00fchrt wird der Verein durch einen Vorstand, der alle zwei Jahre in geheimer Wahl neu bestimmt wird.<\/p>\n\n\n\n<p>Gegr\u00fcndet wurde die Loge S\u00fclfmeister am 19. Januar 1922. Die Wiedergr\u00fcndung nach dem Verbot von 1935 durch die Nationalsozialisten erfolgt feierlich am 3. Dezember 1950.<\/p>\n\n\n\n<p><\/p>\n\n\n\n<figure class=\"wp-block-image size-large\"><img fetchpriority=\"high\" decoding=\"async\" width=\"1024\" height=\"653\" src=\"http:\/\/beta.loge-suelfmeister.de\/wp-content\/uploads\/2021\/12\/8E6DF437-1875-4A1C-A629-23ADCE91D5C0-1024x653.jpeg\" alt=\"\" class=\"wp-image-10\" srcset=\"https:\/\/loge-suelfmeister.de\/wp-content\/uploads\/2021\/12\/8E6DF437-1875-4A1C-A629-23ADCE91D5C0-1024x653.jpeg 1024w, https:\/\/loge-suelfmeister.de\/wp-content\/uploads\/2021\/12\/8E6DF437-1875-4A1C-A629-23ADCE91D5C0-300x191.jpeg 300w, https:\/\/loge-suelfmeister.de\/wp-content\/uploads\/2021\/12\/8E6DF437-1875-4A1C-A629-23ADCE91D5C0-768x490.jpeg 768w, https:\/\/loge-suelfmeister.de\/wp-content\/uploads\/2021\/12\/8E6DF437-1875-4A1C-A629-23ADCE91D5C0-1536x980.jpeg 1536w, https:\/\/loge-suelfmeister.de\/wp-content\/uploads\/2021\/12\/8E6DF437-1875-4A1C-A629-23ADCE91D5C0-1200x766.jpeg 1200w, https:\/\/loge-suelfmeister.de\/wp-content\/uploads\/2021\/12\/8E6DF437-1875-4A1C-A629-23ADCE91D5C0.jpeg 1920w\" sizes=\"(max-width: 767px) 89vw, (max-width: 1000px) 54vw, (max-width: 1071px) 543px, 580px\" \/><figcaption>Ausflug der Br\u00fcder August 1929<\/figcaption><\/figure>\n","protected":false},"excerpt":{"rendered":"<p>Wir, die Br\u00fcder der Loge &#8222;S\u00fclfmeister&#8220; L\u00fcneburg e.V. sind ein modernes M\u00e4nnerb\u00fcndnis, aufgebaut auf den Traditionen des Deutschen Druidenordens und auf die Zukunft ausgerichtet. Die Loge S\u00fclfmeister verfolgt keine wirtschaftlichen, politischen oder konfessionellen Ziele. Wir sind eine Gemeinschaft einander freundschaftlich verbundener M\u00e4nner, die sich ein nationales wie auch internationales Forum geschaffen haben, das jedem die &hellip; <\/p>\n<p class=\"link-more\"><a href=\"https:\/\/loge-suelfmeister.de\/index.php\/wir\/\" class=\"more-link\"><span class=\"screen-reader-text\">\u201eWir\u201c<\/span> weiterlesen<\/a><\/p>\n","protected":false},"author":2,"featured_media":0,"parent":0,"menu_order":0,"comment_status":"closed","ping_status":"closed","template":"","meta":{"footnotes":""},"class_list":["post-23","page","type-page","status-publish","hentry"],"_links":{"self":[{"href":"https:\/\/loge-suelfmeister.de\/index.php\/wp-json\/wp\/v2\/pages\/23","targetHints":{"allow":["GET"]}}],"collection":[{"href":"https:\/\/loge-suelfmeister.de\/index.php\/wp-json\/wp\/v2\/pages"}],"about":[{"href":"https:\/\/loge-suelfmeister.de\/index.php\/wp-json\/wp\/v2\/types\/page"}],"author":[{"embeddable":true,"href":"https:\/\/loge-suelfmeister.de\/index.php\/wp-json\/wp\/v2\/users\/2"}],"replies":[{"embeddable":true,"href":"https:\/\/loge-suelfmeister.de\/index.php\/wp-json\/wp\/v2\/comments?post=23"}],"version-history":[{"count":6,"href":"https:\/\/loge-suelfmeister.de\/index.php\/wp-json\/wp\/v2\/pages\/23\/revisions"}],"predecessor-version":[{"id":91,"href":"https:\/\/loge-suelfmeister.de\/index.php\/wp-json\/wp\/v2\/pages\/23\/revisions\/91"}],"wp:attachment":[{"href":"https:\/\/loge-suelfmeister.de\/index.php\/wp-json\/wp\/v2\/media?parent=23"}],"curies":[{"name":"wp","href":"https:\/\/api.w.org\/{rel}","templated":true}]}}