{"id":36,"date":"2021-12-04T14:24:16","date_gmt":"2021-12-04T13:24:16","guid":{"rendered":"http:\/\/beta.loge-suelfmeister.de\/?page_id=36"},"modified":"2025-01-10T22:42:37","modified_gmt":"2025-01-10T21:42:37","slug":"loge","status":"publish","type":"page","link":"https:\/\/loge-suelfmeister.de\/index.php\/loge\/","title":{"rendered":"Loge"},"content":{"rendered":"\t\t<div data-elementor-type=\"wp-page\" data-elementor-id=\"36\" class=\"elementor elementor-36\">\n\t\t\t\t\t\t<section class=\"elementor-section elementor-top-section elementor-element elementor-element-38474600 elementor-section-boxed elementor-section-height-default elementor-section-height-default\" data-id=\"38474600\" data-element_type=\"section\">\n\t\t\t\t\t\t<div class=\"elementor-container elementor-column-gap-default\">\n\t\t\t\t\t<div class=\"elementor-column elementor-col-100 elementor-top-column elementor-element elementor-element-21797969\" data-id=\"21797969\" data-element_type=\"column\">\n\t\t\t<div class=\"elementor-widget-wrap elementor-element-populated\">\n\t\t\t\t\t\t<div class=\"elementor-element elementor-element-1f1674f4 elementor-widget elementor-widget-text-editor\" data-id=\"1f1674f4\" data-element_type=\"widget\" data-widget_type=\"text-editor.default\">\n\t\t\t\t<div class=\"elementor-widget-container\">\n\t\t\t\t\t\t\t\t\t\n<h2 class=\"wp-block-heading\">gemeinschaft.<\/h2>\n\n\n\n<p>Unsere Gemeinschaft steht f\u00fcr vertrauensvolles Miteinander. Das br\u00fcderliche Gespr\u00e4ch und Vortr\u00e4ge stehen im Mittelpunkt und helfen uns, Abstand zum Alltag zu gewinnen, uns zu orientieren, die Meinung anderer zu achten und eigene Standpunkte zu \u00fcberdenken.<\/p>\n\n\n\n<p>Jeder darf bei uns entsprechend seiner pers\u00f6nlichen F\u00e4higkeiten und M\u00f6glichkeit mitwirken, darf in der gesch\u00fctzten Gemeinsamkeit Vortr\u00e4ge halten und diskutieren. Jeder darf sich bei der Durchf\u00fchrung anderer Aktivit\u00e4ten beteiligen, seien sie gesellschaftlicher oder humanit\u00e4rer Art. Loge ist Nehmen und Geben. Jeder findet bei uns Beachtung und Best\u00e4tigung.\u00a0<\/p>\n\n\n\n<div class=\"wp-block-image\">\n<figure class=\"aligncenter size-large\"><img fetchpriority=\"high\" decoding=\"async\" width=\"300\" height=\"243\" class=\"wp-image-50\" src=\"https:\/\/loge-suelfmeister.de\/wp-content\/uploads\/2021\/12\/Gemeinschaft-300x243-1.jpg\" alt=\"\" \/><\/figure>\n<\/div>\n\n\n\n<h2 class=\"wp-block-heading\">wissen.<\/h2>\n\n\n\n<p>Bei Entscheidungen im Beruf und im t\u00e4glichen Leben, bei Problemen oder Konflikten richten wir uns nach inneren Leitlinien \u2013 bewusst oder unbewusst. Ob es sich dabei um tragf\u00e4hige ethische Grunds\u00e4tze handelt oder schlichte Vorurteile, ist f\u00fcr den Handelnden allein kaum zu erkennen.<br \/>Angeregt durch die Sichtweise eines Vortragenden und bereichert durch seine Fachkenntnisse wollen wir unseren Horizont erweitern, unser Wissen mehren.<\/p>\n\n\n\n<p>&nbsp;<\/p>\n\n\n\n<h2 class=\"wp-block-heading\">dialog.<\/h2>\n\n\n\n<p class=\"has-text-align-left\">Die notwendige Selbsterkenntnis f\u00e4llt leichter in der Auseinandersetzung mit anderen Meinungen und Standpunkten. Toleranz und vertrauensvolles Miteinander bilden daf\u00fcr den Rahmen. Im Dialog mit Anderen lassen sich Zusammenh\u00e4nge leichter erkennen.<\/p>\n\n\n\n<p>&nbsp;<\/p>\n\n\n\n<h2 class=\"wp-block-heading\">logenabende.<\/h2>\n\n\n\n<p>Mit den regelm\u00e4\u00dfigen Treffen in der Loge akzeptieren wir eine Reihe von Regeln, die einen sinnvollen Verlauf unserer Zusammenk\u00fcnfte gew\u00e4hrleisten. Diese Treffen gliedern sich in zwei Teile: eine so genannte Logen-Innensitzung und eine Au\u00dfenloge, zu der G\u00e4ste willkommen sind.<\/p>\n\n\n\n<p>Das Besondere der Innenloge, die nach einem traditionellen, nur unter Br\u00fcdern \u00fcberlieferten Ritual abl\u00e4uft, liegt darin, Abstand vom Alltag zu gewinnen, Atem zu sch\u00f6pfen, eine die ganze Sitzung tragende Atmosph\u00e4re der Vertraulichkeit zu erleben. Im Mittelpunkt der Sitzung steht in der Regel der Vortrag eines Logenmitglieds, der Geist und Herz ansprechen soll. Den Rahmen bilden die Ordensziele. Sie werden in jeder Innenloge in Erinnerung gerufen. Durch das Ritual ist der Logenabend ein Ort der Besinnung, die zur St\u00e4rkung des Einzelnen f\u00fchrt.<\/p>\n\n\n\n<p>Vortr\u00e4ge in der Au\u00dfenloge, zu denen wir oftmals auch unsere Damen und G\u00e4ste einladen, sollen Wissen und Bildung mehren. Beide Teile, die Innenloge und die Au\u00dfenloge, bilden ein Ganzes, aus dem gegenseitiges Verstehen, Freundschaft und Vertrauen erwachsen k\u00f6nnen.<\/p>\n\n\n\n<div class=\"wp-block-image\">\n<figure class=\"aligncenter size-large\"><img decoding=\"async\" width=\"700\" height=\"523\" class=\"wp-image-54\" src=\"http:\/\/beta.loge-suelfmeister.de\/wp-content\/uploads\/2021\/12\/Loge-2014-_423-700x523.jpg\" alt=\"\" srcset=\"https:\/\/loge-suelfmeister.de\/wp-content\/uploads\/2021\/12\/Loge-2014-_423-700x523.jpg 700w, https:\/\/loge-suelfmeister.de\/wp-content\/uploads\/2021\/12\/Loge-2014-_423-300x224.jpg 300w, https:\/\/loge-suelfmeister.de\/wp-content\/uploads\/2021\/12\/Loge-2014-_423-768x574.jpg 768w, https:\/\/loge-suelfmeister.de\/wp-content\/uploads\/2021\/12\/Loge-2014-_423-1536x1147.jpg 1536w, https:\/\/loge-suelfmeister.de\/wp-content\/uploads\/2021\/12\/Loge-2014-_423.jpg 1920w\" sizes=\"(max-width: 700px) 100vw, 700px\" \/><\/figure>\n<\/div>\n\n\n\n<p>&nbsp;<\/p>\n\n\n\n<h2 class=\"wp-block-heading\">vertraulichkeit.<\/h2>\n\n\n\n<p>In der Loge gilt das Gebot der Vertraulichkeit.<\/p>\n\n\n\n<p>Diese Regel ist ein wichtiger Bestandteil unserer Tradition, und wir sind stolz darauf, dass sie eine hohe moralische Verpflichtung f\u00fcr uns bedeutet. Ein Logenmitglied schweigt \u00fcber alles\u201a was ihm von einem Bruder anvertraut wurde. Gespr\u00e4chsinhalte, pers\u00f6nliche Gedanken, Meinungs\u00e4u\u00dferungen oder andere sch\u00fctzenswerte Informationen sollen nicht unbeabsichtigt in die \u00d6ffentlichkeit gelangen<\/p>\n\t\t\t\t\t\t\t\t<\/div>\n\t\t\t\t<\/div>\n\t\t\t\t\t<\/div>\n\t\t<\/div>\n\t\t\t\t\t<\/div>\n\t\t<\/section>\n\t\t\t\t<\/div>\n\t\t","protected":false},"excerpt":{"rendered":"<p>gemeinschaft. Unsere Gemeinschaft steht f\u00fcr vertrauensvolles Miteinander. Das br\u00fcderliche Gespr\u00e4ch und Vortr\u00e4ge stehen im Mittelpunkt und helfen uns, Abstand zum Alltag zu gewinnen, uns zu orientieren, die Meinung anderer zu achten und eigene Standpunkte zu \u00fcberdenken. Jeder darf bei uns entsprechend seiner pers\u00f6nlichen F\u00e4higkeiten und M\u00f6glichkeit mitwirken, darf in der gesch\u00fctzten Gemeinsamkeit Vortr\u00e4ge halten und &hellip; <\/p>\n<p class=\"link-more\"><a href=\"https:\/\/loge-suelfmeister.de\/index.php\/loge\/\" class=\"more-link\"><span class=\"screen-reader-text\">\u201eLoge\u201c<\/span> weiterlesen<\/a><\/p>\n","protected":false},"author":2,"featured_media":0,"parent":0,"menu_order":0,"comment_status":"closed","ping_status":"closed","template":"","meta":{"footnotes":""},"class_list":["post-36","page","type-page","status-publish","hentry"],"_links":{"self":[{"href":"https:\/\/loge-suelfmeister.de\/index.php\/wp-json\/wp\/v2\/pages\/36","targetHints":{"allow":["GET"]}}],"collection":[{"href":"https:\/\/loge-suelfmeister.de\/index.php\/wp-json\/wp\/v2\/pages"}],"about":[{"href":"https:\/\/loge-suelfmeister.de\/index.php\/wp-json\/wp\/v2\/types\/page"}],"author":[{"embeddable":true,"href":"https:\/\/loge-suelfmeister.de\/index.php\/wp-json\/wp\/v2\/users\/2"}],"replies":[{"embeddable":true,"href":"https:\/\/loge-suelfmeister.de\/index.php\/wp-json\/wp\/v2\/comments?post=36"}],"version-history":[{"count":8,"href":"https:\/\/loge-suelfmeister.de\/index.php\/wp-json\/wp\/v2\/pages\/36\/revisions"}],"predecessor-version":[{"id":235,"href":"https:\/\/loge-suelfmeister.de\/index.php\/wp-json\/wp\/v2\/pages\/36\/revisions\/235"}],"wp:attachment":[{"href":"https:\/\/loge-suelfmeister.de\/index.php\/wp-json\/wp\/v2\/media?parent=36"}],"curies":[{"name":"wp","href":"https:\/\/api.w.org\/{rel}","templated":true}]}}