{"id":39,"date":"2021-12-04T14:28:30","date_gmt":"2021-12-04T13:28:30","guid":{"rendered":"http:\/\/beta.loge-suelfmeister.de\/?page_id=39"},"modified":"2022-07-11T21:35:11","modified_gmt":"2022-07-11T20:35:11","slug":"suelfmeister","status":"publish","type":"page","link":"https:\/\/loge-suelfmeister.de\/index.php\/suelfmeister\/","title":{"rendered":"S\u00fclfmeister"},"content":{"rendered":"\t\t<div data-elementor-type=\"wp-page\" data-elementor-id=\"39\" class=\"elementor elementor-39\">\n\t\t\t\t\t\t<section class=\"elementor-section elementor-top-section elementor-element elementor-element-49344f0f elementor-section-boxed elementor-section-height-default elementor-section-height-default\" data-id=\"49344f0f\" data-element_type=\"section\">\n\t\t\t\t\t\t<div class=\"elementor-container elementor-column-gap-default\">\n\t\t\t\t\t<div class=\"elementor-column elementor-col-100 elementor-top-column elementor-element elementor-element-1589630d\" data-id=\"1589630d\" data-element_type=\"column\">\n\t\t\t<div class=\"elementor-widget-wrap elementor-element-populated\">\n\t\t\t\t\t\t<div class=\"elementor-element elementor-element-4e3dad62 elementor-widget elementor-widget-text-editor\" data-id=\"4e3dad62\" data-element_type=\"widget\" data-widget_type=\"text-editor.default\">\n\t\t\t\t<div class=\"elementor-widget-container\">\n\t\t\t\t\t\t\t\t\t<p><\/p>\n<p>Die alte Salzstadt L\u00fcneburg besa\u00df bis 1980 noch eine Saline zur Salzgewinnung. Die Sole wurde zu den Siedeh\u00e4usern geleitet, die schon 1262 mit der stattlichen Zahl von 54 Siedeh\u00e4usern vorhanden waren; dort wurde durch Siedung in jeweils vier Pfannen das Salz gewonnen.<\/p>\n<p><\/p>\n<p><\/p>\n<div class=\"wp-block-group\"><div class=\"wp-block-group__inner-container is-layout-flow wp-block-group-is-layout-flow\"><p><\/p>\n<p>Die Besitzer der Siedepfannen wurden S\u00fclfmeister genannt. Die S\u00fclfmeister als Besitzer und Besieder eigenen oder als P\u00e4chter fremden Pfannengutes geh\u00f6rten zum Patriziat, das den Rat und die B\u00fcrgermeister stellte.<\/p>\n<p><\/p><\/div><\/div>\n<p><\/p>\n<p><\/p>\n<p>Zur\u00fcckblickend auf diese Geschichte der Stadt w\u00e4hlten man bei der Gr\u00fcndung f\u00fcr die Loge die Bezeichnung \u201eS\u00fclfmeister\u201c.&nbsp;<\/p>\n<p><\/p>\n<p><\/p>\n<h2 class=\"wp-block-heading\">s\u00fclfmeister-tage.<\/h2>\n<p><\/p>\n<p><\/p>\n<p>Mit den seit dem Jahre 2002 in L\u00fcneburg stattfindenden S\u00fclfmeister-Tagen hat die Loge S\u00fclfmeister au\u00dfer dem Namen und der Geschichte L\u00fcneburgs keine Verbindung.<\/p>\n<p><\/p>\n<p><\/p>\n<p>Wenn Sie L\u00fcneburg jedoch noch nicht kennen sollten, bieten sich vielleicht die S\u00fclfmeister-Tage dazu an, unsere wundersch\u00f6ne Stadt zu besuchen.<\/p>\n<p><\/p>\n<p><\/p>\n<h2 class=\"wp-block-heading\"><br><\/h2>\n<p><\/p>\t\t\t\t\t\t\t\t<\/div>\n\t\t\t\t<\/div>\n\t\t\t\t\t<\/div>\n\t\t<\/div>\n\t\t\t\t\t<\/div>\n\t\t<\/section>\n\t\t\t\t<\/div>\n\t\t","protected":false},"excerpt":{"rendered":"<p>Die alte Salzstadt L\u00fcneburg besa\u00df bis 1980 noch eine Saline zur Salzgewinnung. Die Sole wurde zu den Siedeh\u00e4usern geleitet, die schon 1262 mit der stattlichen Zahl von 54 Siedeh\u00e4usern vorhanden waren; dort wurde durch Siedung in jeweils vier Pfannen das Salz gewonnen. Die Besitzer der Siedepfannen wurden S\u00fclfmeister genannt. Die S\u00fclfmeister als Besitzer und Besieder &hellip; <\/p>\n<p class=\"link-more\"><a href=\"https:\/\/loge-suelfmeister.de\/index.php\/suelfmeister\/\" class=\"more-link\"><span class=\"screen-reader-text\">\u201eS\u00fclfmeister\u201c<\/span> weiterlesen<\/a><\/p>\n","protected":false},"author":2,"featured_media":0,"parent":0,"menu_order":0,"comment_status":"closed","ping_status":"closed","template":"","meta":{"footnotes":""},"class_list":["post-39","page","type-page","status-publish","hentry"],"_links":{"self":[{"href":"https:\/\/loge-suelfmeister.de\/index.php\/wp-json\/wp\/v2\/pages\/39","targetHints":{"allow":["GET"]}}],"collection":[{"href":"https:\/\/loge-suelfmeister.de\/index.php\/wp-json\/wp\/v2\/pages"}],"about":[{"href":"https:\/\/loge-suelfmeister.de\/index.php\/wp-json\/wp\/v2\/types\/page"}],"author":[{"embeddable":true,"href":"https:\/\/loge-suelfmeister.de\/index.php\/wp-json\/wp\/v2\/users\/2"}],"replies":[{"embeddable":true,"href":"https:\/\/loge-suelfmeister.de\/index.php\/wp-json\/wp\/v2\/comments?post=39"}],"version-history":[{"count":9,"href":"https:\/\/loge-suelfmeister.de\/index.php\/wp-json\/wp\/v2\/pages\/39\/revisions"}],"predecessor-version":[{"id":107,"href":"https:\/\/loge-suelfmeister.de\/index.php\/wp-json\/wp\/v2\/pages\/39\/revisions\/107"}],"wp:attachment":[{"href":"https:\/\/loge-suelfmeister.de\/index.php\/wp-json\/wp\/v2\/media?parent=39"}],"curies":[{"name":"wp","href":"https:\/\/api.w.org\/{rel}","templated":true}]}}