{"id":70,"date":"2021-12-04T15:32:43","date_gmt":"2021-12-04T14:32:43","guid":{"rendered":"http:\/\/beta.loge-suelfmeister.de\/?page_id=70"},"modified":"2026-01-27T18:42:47","modified_gmt":"2026-01-27T17:42:47","slug":"akutell","status":"publish","type":"page","link":"https:\/\/loge-suelfmeister.de\/index.php\/akutell\/","title":{"rendered":"Aktuell"},"content":{"rendered":"\t\t<div data-elementor-type=\"wp-page\" data-elementor-id=\"70\" class=\"elementor elementor-70\">\n\t\t\t\t\t\t<section class=\"elementor-section elementor-top-section elementor-element elementor-element-46c2f7ea elementor-section-boxed elementor-section-height-default elementor-section-height-default\" data-id=\"46c2f7ea\" data-element_type=\"section\">\n\t\t\t\t\t\t<div class=\"elementor-container elementor-column-gap-default\">\n\t\t\t\t\t<div class=\"elementor-column elementor-col-100 elementor-top-column elementor-element elementor-element-7a96e936\" data-id=\"7a96e936\" data-element_type=\"column\">\n\t\t\t<div class=\"elementor-widget-wrap elementor-element-populated\">\n\t\t\t\t\t\t<div class=\"elementor-element elementor-element-392c348b elementor-widget elementor-widget-text-editor\" data-id=\"392c348b\" data-element_type=\"widget\" data-widget_type=\"text-editor.default\">\n\t\t\t\t<div class=\"elementor-widget-container\">\n\t\t\t\t\t\t\t\t\t<h2>logenabende<\/h2>\n<p><!-- \/wp:heading --><\/p>\n<p><!-- wp:paragraph --><\/p>\n<p>Wir treffen uns jeden 1. und 3. Dienstag im Monat um 20 Uhr.<\/p>\n<p><!-- \/wp:paragraph --><\/p>\n<p><!-- wp:paragraph --><\/p>\n<p><!-- \/wp:paragraph --><\/p>\n<p><!-- wp:paragraph --><\/p>\n<p>G\u00e4ste sind uns an den Logenabenden willkommen. Anmeldung erforderlich. (Siehe Kontakt)<\/p>\n<h2><img fetchpriority=\"high\" decoding=\"async\" class=\"aligncenter wp-image-130 size-medium\" src=\"http:\/\/beta.loge-suelfmeister.de\/wp-content\/uploads\/2022\/07\/5651E1BD-9AF9-4231-8F73-06ED013725CA-300x300.jpeg\" alt=\"\" width=\"300\" height=\"300\" srcset=\"https:\/\/loge-suelfmeister.de\/wp-content\/uploads\/2022\/07\/5651E1BD-9AF9-4231-8F73-06ED013725CA-300x300.jpeg 300w, https:\/\/loge-suelfmeister.de\/wp-content\/uploads\/2022\/07\/5651E1BD-9AF9-4231-8F73-06ED013725CA-700x700.jpeg 700w, https:\/\/loge-suelfmeister.de\/wp-content\/uploads\/2022\/07\/5651E1BD-9AF9-4231-8F73-06ED013725CA-150x150.jpeg 150w, https:\/\/loge-suelfmeister.de\/wp-content\/uploads\/2022\/07\/5651E1BD-9AF9-4231-8F73-06ED013725CA-768x768.jpeg 768w, https:\/\/loge-suelfmeister.de\/wp-content\/uploads\/2022\/07\/5651E1BD-9AF9-4231-8F73-06ED013725CA-1536x1536.jpeg 1536w, https:\/\/loge-suelfmeister.de\/wp-content\/uploads\/2022\/07\/5651E1BD-9AF9-4231-8F73-06ED013725CA-2048x2048.jpeg 2048w, https:\/\/loge-suelfmeister.de\/wp-content\/uploads\/2022\/07\/5651E1BD-9AF9-4231-8F73-06ED013725CA-100x100.jpeg 100w\" sizes=\"(max-width: 300px) 100vw, 300px\" \/><\/h2>\n<p>\u00a0<\/p>\n<p>\n<section class=\"ics-calendar layout-list\" id=\"r69f5b73ccce803f\" style=\"opacity: 1;\">\n\n\t\t\t<article class=\"ics-calendar-list-wrapper\">\n\n\t\t\t\t\t\t\t\t\t\t\t\t\t<h3 class=\"ics-calendar-label\" id=\"r69f5b73ccce803f-202603\">M\u00e4rz 2026<\/h3>\n\t\t\t\t\t\t\t\t\t\t\t\t\t\t\t\t\t\t\t\t<div class=\"ics-calendar-date-wrapper\" data-date=\"Dienstag 3. M\u00e4rz\" data-dow=\"2\" data-wknum=\"10\" data-rel2today=\"past\" data-events-count=\"1\" data-feed-keys=\"0\">\n\t\t\t\t\t\t\t\t\t\t\t<h4 class=\"ics-calendar-date\" id=\"r69f5b73ccce803f-20260303\"><span data-date-format=\"l\">Dienstag<\/span> <span data-date-format=\"j\">3.<\/span> <span data-date-format=\"F\">M\u00e4rz<\/span><\/h4>\n\t\t\t\t\t\t\t\t\t\t\t<dl class=\"events\" aria-labelledby=\"r69f5b73ccce803f-20260303\">\n\t\t\t\t\t\t\t\t\t\t<dt class=\"time\" data-feed-key=\"0\" data-categories=\"Logenabend\">20:00\t\t\t\t\t\t\t\t\t\t\t\t\t<span class=\"end_time show_on_hover\">&#8211; 22:00<\/span>\n\t\t\t\t\t\t\t\t\t\t\t\t\t<\/dt><dd class=\"event t200000\" data-feed-key=\"0\" data-categories=\"Logenabend\">\n\t\t\t\t\t\t\t\t\t\t\t<span class=\"title has_desc\">Logenabend f\u00fcr Br\u00fcder &#8211; Br. Karsten R. &#8211; Vortrag Jahresthema Gerechtigkeit aus meiner Sicht<\/span><div class=\"descloc\"><div class=\"location\">Logenhaus<\/div><\/div>\t\t\t\t\t\t\t\t\t\t<\/dd><\/dl><\/div>\t\t\t\t\t\t\t\t\t\t<div class=\"ics-calendar-date-wrapper\" data-date=\"Dienstag 17. M\u00e4rz\" data-dow=\"2\" data-wknum=\"12\" data-rel2today=\"past\" data-events-count=\"2\" data-feed-keys=\"0\">\n\t\t\t\t\t\t\t\t\t\t\t<h4 class=\"ics-calendar-date\" id=\"r69f5b73ccce803f-20260317\"><span data-date-format=\"l\">Dienstag<\/span> <span data-date-format=\"j\">17.<\/span> <span data-date-format=\"F\">M\u00e4rz<\/span><\/h4>\n\t\t\t\t\t\t\t\t\t\t\t<dl class=\"events\" aria-labelledby=\"r69f5b73ccce803f-20260317\">\n\t\t\t\t\t\t\t\t\t\t<dt class=\"time\" data-feed-key=\"0\">19:00\t\t\t\t\t\t\t\t\t\t\t\t\t<span class=\"end_time show_on_hover\">&#8211; 20:00<\/span>\n\t\t\t\t\t\t\t\t\t\t\t\t\t<\/dt><dd class=\"event t190000\" data-feed-key=\"0\">\n\t\t\t\t\t\t\t\t\t\t\t<span class=\"title has_desc\">Mitgliederversammlung &#8211;  JHV des Wohlt\u00e4tigkeitsvereins der Loge S\u00fclfmeister gem. e.V.<\/span><div class=\"descloc\"><div class=\"location\">Logenhaus<\/div><\/div>\t\t\t\t\t\t\t\t\t\t<\/dd><dt class=\"time\" data-feed-key=\"0\" data-categories=\"Logenabend\">20:00\t\t\t\t\t\t\t\t\t\t\t\t\t<span class=\"end_time show_on_hover\">&#8211; 21:30<\/span>\n\t\t\t\t\t\t\t\t\t\t\t\t\t<\/dt><dd class=\"event t200000\" data-feed-key=\"0\" data-categories=\"Logenabend\">\n\t\t\t\t\t\t\t\t\t\t\t<span class=\"title has_desc\">Mitgliederversammlung &#8211;  JHV der Loge S\u00fclfmeister e.V.<\/span><div class=\"descloc\"><div class=\"location\">Logenhaus<\/div><div class=\"eventdesc\"><p>anschl. Brudermahl<\/p><\/div><\/div>\t\t\t\t\t\t\t\t\t\t<\/dd><\/dl><\/div>\t\t\t\t\t\t\t\t\t\t<h3 class=\"ics-calendar-label\" id=\"r69f5b73ccce803f-202604\">April 2026<\/h3>\n\t\t\t\t\t\t\t\t\t\t\t\t\t\t\t\t\t\t\t\t<div class=\"ics-calendar-date-wrapper\" data-date=\"Dienstag 7. April\" data-dow=\"2\" data-wknum=\"15\" data-rel2today=\"past\" data-events-count=\"2\" data-feed-keys=\"0\">\n\t\t\t\t\t\t\t\t\t\t\t<h4 class=\"ics-calendar-date\" id=\"r69f5b73ccce803f-20260407\"><span data-date-format=\"l\">Dienstag<\/span> <span data-date-format=\"j\">7.<\/span> <span data-date-format=\"F\">April<\/span><\/h4>\n\t\t\t\t\t\t\t\t\t\t\t<dl class=\"events\" aria-labelledby=\"r69f5b73ccce803f-20260407\">\n\t\t\t\t\t\t\t\t\t\t<dt class=\"time\" data-feed-key=\"0\" data-categories=\"Logenabend\">18:30\t\t\t\t\t\t\t\t\t\t\t\t\t<span class=\"end_time show_on_hover\">&#8211; 19:00<\/span>\n\t\t\t\t\t\t\t\t\t\t\t\t\t<\/dt><dd class=\"event t183000\" data-feed-key=\"0\" data-categories=\"Logenabend\">\n\t\t\t\t\t\t\t\t\t\t\t<span class=\"title has_desc\">Logenabend f\u00fcr Br\u00fcder &#8211; Kompaktloge<\/span><div class=\"descloc\"><div class=\"location\">Logenhaus<\/div><\/div>\t\t\t\t\t\t\t\t\t\t<\/dd><dt class=\"time\" data-feed-key=\"0\" data-categories=\"G\u00e4steabend\">19:00\t\t\t\t\t\t\t\t\t\t\t\t\t<span class=\"end_time show_on_hover\">&#8211; 21:00<\/span>\n\t\t\t\t\t\t\t\t\t\t\t\t\t<\/dt><dd class=\"event t190000\" data-feed-key=\"0\" data-categories=\"G\u00e4steabend\">\n\t\t\t\t\t\t\t\t\t\t\t<span class=\"title has_desc\">Vortragsabend f\u00fcr G\u00e4ste und Br\u00fcder: Pr\u00e4ventionsberatung der Polizei L\u00fcneburg &#8211; Thema Einbruchschutz<\/span><div class=\"descloc\"><div class=\"location\">Logenhaus<\/div><div class=\"eventdesc\"><p>G\u00e4ste sind herzlich willkommen. Wir bitten um Anmeldung<\/p><\/div><\/div>\t\t\t\t\t\t\t\t\t\t<\/dd><\/dl><\/div>\t\t\t\t\t\t\t\t\t\t<div class=\"ics-calendar-date-wrapper\" data-date=\"Dienstag 21. April\" data-dow=\"2\" data-wknum=\"17\" data-rel2today=\"past\" data-events-count=\"1\" data-feed-keys=\"0\">\n\t\t\t\t\t\t\t\t\t\t\t<h4 class=\"ics-calendar-date\" id=\"r69f5b73ccce803f-20260421\"><span data-date-format=\"l\">Dienstag<\/span> <span data-date-format=\"j\">21.<\/span> <span data-date-format=\"F\">April<\/span><\/h4>\n\t\t\t\t\t\t\t\t\t\t\t<dl class=\"events\" aria-labelledby=\"r69f5b73ccce803f-20260421\">\n\t\t\t\t\t\t\t\t\t\t<dt class=\"time\" data-feed-key=\"0\" data-categories=\"Logenabend\">20:00\t\t\t\t\t\t\t\t\t\t\t\t\t<span class=\"end_time show_on_hover\">&#8211; 22:00<\/span>\n\t\t\t\t\t\t\t\t\t\t\t\t\t<\/dt><dd class=\"event t200000\" data-feed-key=\"0\" data-categories=\"Logenabend\">\n\t\t\t\t\t\t\t\t\t\t\t<span class=\"title has_desc\">Logenabend f\u00fcr Br\u00fcder &#8211; Gemeinsame Sitzung mit den Br\u00fcdern der Loge Loewenwolt<\/span><div class=\"descloc\"><div class=\"location\">Logenhaus L\u00fcneburg<\/div><div class=\"eventdesc\"><p>anschl. Brudermahl<\/p><\/div><\/div>\t\t\t\t\t\t\t\t\t\t<\/dd><\/dl><\/div>\t\t\t\t\t\t\t\t\t\t<div class=\"ics-calendar-date-wrapper\" data-date=\"Samstag 25. April\" data-dow=\"6\" data-wknum=\"17\" data-rel2today=\"past\" data-events-count=\"1\" data-feed-keys=\"0\">\n\t\t\t\t\t\t\t\t\t\t\t<h4 class=\"ics-calendar-date\" id=\"r69f5b73ccce803f-20260425\"><span data-date-format=\"l\">Samstag<\/span> <span data-date-format=\"j\">25.<\/span> <span data-date-format=\"F\">April<\/span><\/h4>\n\t\t\t\t\t\t\t\t\t\t\t<dl class=\"events\" aria-labelledby=\"r69f5b73ccce803f-20260425\">\n\t\t\t\t\t\t\t\t\t\t<dt class=\"all-day-indicator\" data-feed-key=\"0\" data-categories=\"Gro\u00dflogen-Sitzung\">Ganzt\u00e4gig<\/dt><dd class=\"event all-day\" data-feed-key=\"0\" data-categories=\"Gro\u00dflogen-Sitzung\">\n\t\t\t\t\t\t\t\t\t\t\t<span class=\"title has_desc\">Sitzung in IV der GL Hansa f\u00fcr Br\u00fcder<\/span><div class=\"descloc\"><div class=\"location\">Logenhaus Cuxhaven<\/div><\/div>\t\t\t\t\t\t\t\t\t\t<\/dd><\/dl><\/div>\t\t\t\t\t\t\t\t\t\t<h3 class=\"ics-calendar-label\" id=\"r69f5b73ccce803f-202605\">Mai 2026<\/h3>\n\t\t\t\t\t\t\t\t\t\t\t\t\t\t\t\t\t\t\t\t<div class=\"ics-calendar-date-wrapper\" data-date=\"Dienstag 5. Mai\" data-dow=\"2\" data-wknum=\"19\" data-rel2today=\"future\" data-events-count=\"1\" data-feed-keys=\"0\">\n\t\t\t\t\t\t\t\t\t\t\t<h4 class=\"ics-calendar-date\" id=\"r69f5b73ccce803f-20260505\"><span data-date-format=\"l\">Dienstag<\/span> <span data-date-format=\"j\">5.<\/span> <span data-date-format=\"F\">Mai<\/span><\/h4>\n\t\t\t\t\t\t\t\t\t\t\t<dl class=\"events\" aria-labelledby=\"r69f5b73ccce803f-20260505\">\n\t\t\t\t\t\t\t\t\t\t<dt class=\"time\" data-feed-key=\"0\" data-categories=\"Logenabend\">19:00\t\t\t\t\t\t\t\t\t\t\t\t\t<span class=\"end_time show_on_hover\">&#8211; 21:00<\/span>\n\t\t\t\t\t\t\t\t\t\t\t\t\t<\/dt><dd class=\"event t190000\" data-feed-key=\"0\" data-categories=\"Logenabend\">\n\t\t\t\t\t\t\t\t\t\t\t<span class=\"title has_desc\">Logenabend f\u00fcr Br\u00fcder &#8211; Waldloge &#8211; Br. Andreas K. Das druid. Neujahr<\/span><div class=\"descloc\"><div class=\"location\">Sch. Forst<\/div><div class=\"eventdesc\"><p>anschl. Brudermahl im Gasthaus (folgt)<\/p><\/div><\/div>\t\t\t\t\t\t\t\t\t\t<\/dd><\/dl><\/div>\t\t\t\t\t\t\t\t\t\t<div class=\"ics-calendar-date-wrapper\" data-date=\"Sonntag 17. Mai\" data-dow=\"0\" data-wknum=\"20\" data-rel2today=\"future\" data-events-count=\"1\" data-feed-keys=\"0\">\n\t\t\t\t\t\t\t\t\t\t\t<h4 class=\"ics-calendar-date\" id=\"r69f5b73ccce803f-20260517\"><span data-date-format=\"l\">Sonntag<\/span> <span data-date-format=\"j\">17.<\/span> <span data-date-format=\"F\">Mai<\/span><\/h4>\n\t\t\t\t\t\t\t\t\t\t\t<dl class=\"events\" aria-labelledby=\"r69f5b73ccce803f-20260517\">\n\t\t\t\t\t\t\t\t\t\t<dt class=\"time\" data-feed-key=\"0\" data-categories=\"Essen\/Ausflug\">11:00\t\t\t\t\t\t\t\t\t\t\t\t\t<span class=\"end_time show_on_hover\">&#8211; 14:30<\/span>\n\t\t\t\t\t\t\t\t\t\t\t\t\t<\/dt><dd class=\"event t110000\" data-feed-key=\"0\" data-categories=\"Essen\/Ausflug\">\n\t\t\t\t\t\t\t\t\t\t\t<span class=\"title has_desc\">Spargelessen &#8211; Br\u00fcder mit Familien und G\u00e4ste<\/span><div class=\"descloc\"><div class=\"location\">Gasthaus folgt<\/div><div class=\"eventdesc\"><p>Wir beginnen mit einem kleinen Spaziergang. Im Gehen lassen sich wunderbar Gespr\u00e4che f\u00fchren. Anschlie\u00dfend st\u00e4rken wir uns bei einem leckeren Spargel-Satt Essen. Wir lassen uns verw\u00f6hnen. Danach fahren wir wieder heimw\u00e4rts und schlummern auf dem Sofa.<\/p><\/div><\/div>\t\t\t\t\t\t\t\t\t\t<\/dd><\/dl><\/div>\t\t\t\t\t\t\t\t\t\t<div class=\"ics-calendar-date-wrapper\" data-date=\"Dienstag 19. Mai\" data-dow=\"2\" data-wknum=\"21\" data-rel2today=\"future\" data-events-count=\"1\" data-feed-keys=\"0\">\n\t\t\t\t\t\t\t\t\t\t\t<h4 class=\"ics-calendar-date\" id=\"r69f5b73ccce803f-20260519\"><span data-date-format=\"l\">Dienstag<\/span> <span data-date-format=\"j\">19.<\/span> <span data-date-format=\"F\">Mai<\/span><\/h4>\n\t\t\t\t\t\t\t\t\t\t\t<dl class=\"events\" aria-labelledby=\"r69f5b73ccce803f-20260519\">\n\t\t\t\t\t\t\t\t\t\t<dt class=\"time\" data-feed-key=\"0\" data-categories=\"Logenabend\">20:00\t\t\t\t\t\t\t\t\t\t\t\t\t<span class=\"end_time show_on_hover\">&#8211; 22:00<\/span>\n\t\t\t\t\t\t\t\t\t\t\t\t\t<\/dt><dd class=\"event t200000\" data-feed-key=\"0\" data-categories=\"Logenabend\">\n\t\t\t\t\t\t\t\t\t\t\t<span class=\"title has_desc\">Logenabend f\u00fcr Br\u00fcder &#8211; Br. Bernhard R.- Vortrag Jahresthema Gerechtigkeit aus meiner Sicht<\/span><div class=\"descloc\"><div class=\"location\">Logenhaus<\/div><\/div>\t\t\t\t\t\t\t\t\t\t<\/dd><\/dl><\/div>\t\t\t\t\t\t\t\t\t\t<h3 class=\"ics-calendar-label\" id=\"r69f5b73ccce803f-202606\">Juni 2026<\/h3>\n\t\t\t\t\t\t\t\t\t\t\t\t\t\t\t\t\t\t\t\t<div class=\"ics-calendar-date-wrapper\" data-date=\"Dienstag 2. Juni\" data-dow=\"2\" data-wknum=\"23\" data-rel2today=\"future\" data-events-count=\"1\" data-feed-keys=\"0\">\n\t\t\t\t\t\t\t\t\t\t\t<h4 class=\"ics-calendar-date\" id=\"r69f5b73ccce803f-20260602\"><span data-date-format=\"l\">Dienstag<\/span> <span data-date-format=\"j\">2.<\/span> <span data-date-format=\"F\">Juni<\/span><\/h4>\n\t\t\t\t\t\t\t\t\t\t\t<dl class=\"events\" aria-labelledby=\"r69f5b73ccce803f-20260602\">\n\t\t\t\t\t\t\t\t\t\t<dt class=\"time\" data-feed-key=\"0\" data-categories=\"Logenabend\">20:00\t\t\t\t\t\t\t\t\t\t\t\t\t<span class=\"end_time show_on_hover\">&#8211; 22:00<\/span>\n\t\t\t\t\t\t\t\t\t\t\t\t\t<\/dt><dd class=\"event t200000\" data-feed-key=\"0\" data-categories=\"Logenabend\">\n\t\t\t\t\t\t\t\t\t\t\t<span class=\"title has_desc\">Logenabend f\u00fcr Br\u00fcder &#8211; Br. Walter P. &#8211; Vortrag Jahresthema Gerechtigkeit aus meiner Sicht<\/span><div class=\"descloc\"><div class=\"location\">Logenhaus<\/div><\/div>\t\t\t\t\t\t\t\t\t\t<\/dd><\/dl><\/div>\t\t\t\t\t\t\t\t\t\t<div class=\"ics-calendar-date-wrapper\" data-date=\"Dienstag 16. Juni\" data-dow=\"2\" data-wknum=\"25\" data-rel2today=\"future\" data-events-count=\"1\" data-feed-keys=\"0\">\n\t\t\t\t\t\t\t\t\t\t\t<h4 class=\"ics-calendar-date\" id=\"r69f5b73ccce803f-20260616\"><span data-date-format=\"l\">Dienstag<\/span> <span data-date-format=\"j\">16.<\/span> <span data-date-format=\"F\">Juni<\/span><\/h4>\n\t\t\t\t\t\t\t\t\t\t\t<dl class=\"events\" aria-labelledby=\"r69f5b73ccce803f-20260616\">\n\t\t\t\t\t\t\t\t\t\t<dt class=\"time\" data-feed-key=\"0\" data-categories=\"Logenabend\">20:00\t\t\t\t\t\t\t\t\t\t\t\t\t<span class=\"end_time show_on_hover\">&#8211; 22:00<\/span>\n\t\t\t\t\t\t\t\t\t\t\t\t\t<\/dt><dd class=\"event t200000\" data-feed-key=\"0\" data-categories=\"Logenabend\">\n\t\t\t\t\t\t\t\t\t\t\t<span class=\"title has_desc\">Logenabend f\u00fcr Br\u00fcder &#8211; Br. Dirk J. &#8211; Vortrag Jahresthema Gerechtigkeit aus meiner Sicht<\/span><div class=\"descloc\"><div class=\"location\">Logenhaus<\/div><\/div>\t\t\t\t\t\t\t\t\t\t<\/dd><\/dl><\/div>\t\t\t\t\t\t\t\t\t\t<h3 class=\"ics-calendar-label\" id=\"r69f5b73ccce803f-202607\">Juli 2026<\/h3>\n\t\t\t\t\t\t\t\t\t\t\t\t\t\t\t\t\t\t\t\t<div class=\"ics-calendar-date-wrapper\" data-date=\"Dienstag 7. Juli\" data-dow=\"2\" data-wknum=\"28\" data-rel2today=\"future\" data-events-count=\"1\" data-feed-keys=\"0\">\n\t\t\t\t\t\t\t\t\t\t\t<h4 class=\"ics-calendar-date\" id=\"r69f5b73ccce803f-20260707\"><span data-date-format=\"l\">Dienstag<\/span> <span data-date-format=\"j\">7.<\/span> <span data-date-format=\"F\">Juli<\/span><\/h4>\n\t\t\t\t\t\t\t\t\t\t\t<dl class=\"events\" aria-labelledby=\"r69f5b73ccce803f-20260707\">\n\t\t\t\t\t\t\t\t\t\t<dt class=\"time\" data-feed-key=\"0\" data-categories=\"Logenabend\">20:00\t\t\t\t\t\t\t\t\t\t\t\t\t<span class=\"end_time show_on_hover\">&#8211; 22:00<\/span>\n\t\t\t\t\t\t\t\t\t\t\t\t\t<\/dt><dd class=\"event t200000\" data-feed-key=\"0\" data-categories=\"Logenabend\">\n\t\t\t\t\t\t\t\t\t\t\t<span class=\"title has_desc\">Logenabend f\u00fcr Br\u00fcder &#8211; Br. Karsten E. &#8211; &#8211; Vortrag Jahresthema Gerechtigkeit aus meiner Sicht<\/span><div class=\"descloc\"><div class=\"location\">Logenhaus<\/div><\/div>\t\t\t\t\t\t\t\t\t\t<\/dd><\/dl><\/div>\t\t\t\t\t\t\t\t\t\t<div class=\"ics-calendar-date-wrapper\" data-date=\"Dienstag 21. Juli\" data-dow=\"2\" data-wknum=\"30\" data-rel2today=\"future\" data-events-count=\"1\" data-feed-keys=\"0\">\n\t\t\t\t\t\t\t\t\t\t\t<h4 class=\"ics-calendar-date\" id=\"r69f5b73ccce803f-20260721\"><span data-date-format=\"l\">Dienstag<\/span> <span data-date-format=\"j\">21.<\/span> <span data-date-format=\"F\">Juli<\/span><\/h4>\n\t\t\t\t\t\t\t\t\t\t\t<dl class=\"events\" aria-labelledby=\"r69f5b73ccce803f-20260721\">\n\t\t\t\t\t\t\t\t\t\t<dt class=\"time\" data-feed-key=\"0\" data-categories=\"Geselligkeit\">19:00\t\t\t\t\t\t\t\t\t\t\t\t\t<span class=\"end_time show_on_hover\">&#8211; 20:30<\/span>\n\t\t\t\t\t\t\t\t\t\t\t\t\t<\/dt><dd class=\"event t190000\" data-feed-key=\"0\" data-categories=\"Geselligkeit\">\n\t\t\t\t\t\t\t\t\t\t\t<span class=\"title has_desc\">Sommerpause &#8211; Stammtisch f\u00fcr Br\u00fcder und G\u00e4ste<\/span><div class=\"descloc\"><div class=\"location\">Ort folgt<\/div><\/div>\t\t\t\t\t\t\t\t\t\t<\/dd><\/dl><\/div>\t\t\t\t\t\t\t\t\t\t<h3 class=\"ics-calendar-label\" id=\"r69f5b73ccce803f-202608\">August 2026<\/h3>\n\t\t\t\t\t\t\t\t\t\t\t\t\t\t\t\t\t\t\t\t<div class=\"ics-calendar-date-wrapper\" data-date=\"Dienstag 4. August\" data-dow=\"2\" data-wknum=\"32\" data-rel2today=\"future\" data-events-count=\"1\" data-feed-keys=\"0\">\n\t\t\t\t\t\t\t\t\t\t\t<h4 class=\"ics-calendar-date\" id=\"r69f5b73ccce803f-20260804\"><span data-date-format=\"l\">Dienstag<\/span> <span data-date-format=\"j\">4.<\/span> <span data-date-format=\"F\">August<\/span><\/h4>\n\t\t\t\t\t\t\t\t\t\t\t<dl class=\"events\" aria-labelledby=\"r69f5b73ccce803f-20260804\">\n\t\t\t\t\t\t\t\t\t\t<dt class=\"time\" data-feed-key=\"0\" data-categories=\"Geselligkeit\">19:00\t\t\t\t\t\t\t\t\t\t\t\t\t<span class=\"end_time show_on_hover\">&#8211; 20:30<\/span>\n\t\t\t\t\t\t\t\t\t\t\t\t\t<\/dt><dd class=\"event t190000\" data-feed-key=\"0\" data-categories=\"Geselligkeit\">\n\t\t\t\t\t\t\t\t\t\t\t<span class=\"title has_desc\">Sommerpause &#8211; Stammtisch f\u00fcr Br\u00fcder und G\u00e4ste<\/span><div class=\"descloc\"><div class=\"location\">Ort folgt<\/div><\/div>\t\t\t\t\t\t\t\t\t\t<\/dd><\/dl><\/div>\t\t<\/article>\n\n\t\t\n<\/section>\n<\/p>\n<h2><img decoding=\"async\" class=\"aligncenter wp-image-122 size-large\" src=\"http:\/\/beta.loge-suelfmeister.de\/wp-content\/uploads\/2022\/07\/9F44DF0E-341F-4290-BAAD-E34EC0B126A9-700x446.jpeg\" alt=\"\" width=\"525\" height=\"335\" srcset=\"https:\/\/loge-suelfmeister.de\/wp-content\/uploads\/2022\/07\/9F44DF0E-341F-4290-BAAD-E34EC0B126A9-700x446.jpeg 700w, https:\/\/loge-suelfmeister.de\/wp-content\/uploads\/2022\/07\/9F44DF0E-341F-4290-BAAD-E34EC0B126A9-300x191.jpeg 300w, https:\/\/loge-suelfmeister.de\/wp-content\/uploads\/2022\/07\/9F44DF0E-341F-4290-BAAD-E34EC0B126A9-768x490.jpeg 768w, https:\/\/loge-suelfmeister.de\/wp-content\/uploads\/2022\/07\/9F44DF0E-341F-4290-BAAD-E34EC0B126A9-1536x979.jpeg 1536w, https:\/\/loge-suelfmeister.de\/wp-content\/uploads\/2022\/07\/9F44DF0E-341F-4290-BAAD-E34EC0B126A9.jpeg 1920w\" sizes=\"(max-width: 525px) 100vw, 525px\" \/><\/h2>\n<p>\u00a0<\/p>\n<p>\u00a0<\/p>\n<p>\u00a0<\/p>\n<p>\u00a0<\/p>\n<p>\u00a0<\/p>\n<p>\u00a0<\/p>\n<p>\u00a0<\/p>\n<p><!-- \/wp:paragraph --><\/p>\t\t\t\t\t\t\t\t<\/div>\n\t\t\t\t<\/div>\n\t\t\t\t\t<\/div>\n\t\t<\/div>\n\t\t\t\t\t<\/div>\n\t\t<\/section>\n\t\t\t\t<\/div>\n\t\t","protected":false},"excerpt":{"rendered":"<p>logenabende Wir treffen uns jeden 1. und 3. Dienstag im Monat um 20 Uhr. G\u00e4ste sind uns an den Logenabenden willkommen. Anmeldung erforderlich. (Siehe Kontakt) \u00a0 \u00a0 \u00a0 \u00a0 \u00a0 \u00a0 \u00a0 \u00a0<\/p>\n","protected":false},"author":2,"featured_media":0,"parent":0,"menu_order":0,"comment_status":"closed","ping_status":"closed","template":"","meta":{"footnotes":""},"class_list":["post-70","page","type-page","status-publish","hentry"],"_links":{"self":[{"href":"https:\/\/loge-suelfmeister.de\/index.php\/wp-json\/wp\/v2\/pages\/70","targetHints":{"allow":["GET"]}}],"collection":[{"href":"https:\/\/loge-suelfmeister.de\/index.php\/wp-json\/wp\/v2\/pages"}],"about":[{"href":"https:\/\/loge-suelfmeister.de\/index.php\/wp-json\/wp\/v2\/types\/page"}],"author":[{"embeddable":true,"href":"https:\/\/loge-suelfmeister.de\/index.php\/wp-json\/wp\/v2\/users\/2"}],"replies":[{"embeddable":true,"href":"https:\/\/loge-suelfmeister.de\/index.php\/wp-json\/wp\/v2\/comments?post=70"}],"version-history":[{"count":74,"href":"https:\/\/loge-suelfmeister.de\/index.php\/wp-json\/wp\/v2\/pages\/70\/revisions"}],"predecessor-version":[{"id":265,"href":"https:\/\/loge-suelfmeister.de\/index.php\/wp-json\/wp\/v2\/pages\/70\/revisions\/265"}],"wp:attachment":[{"href":"https:\/\/loge-suelfmeister.de\/index.php\/wp-json\/wp\/v2\/media?parent=70"}],"curies":[{"name":"wp","href":"https:\/\/api.w.org\/{rel}","templated":true}]}}