{"id":79,"date":"2021-12-04T15:44:52","date_gmt":"2021-12-04T14:44:52","guid":{"rendered":"http:\/\/beta.loge-suelfmeister.de\/?page_id=79"},"modified":"2025-01-31T00:00:04","modified_gmt":"2025-01-30T23:00:04","slug":"kontakt","status":"publish","type":"page","link":"https:\/\/loge-suelfmeister.de\/index.php\/kontakt\/","title":{"rendered":"Kontakt"},"content":{"rendered":"\t\t<div data-elementor-type=\"wp-page\" data-elementor-id=\"79\" class=\"elementor elementor-79\">\n\t\t\t\t\t\t<section class=\"elementor-section elementor-top-section elementor-element elementor-element-464b1a18 elementor-section-boxed elementor-section-height-default elementor-section-height-default\" data-id=\"464b1a18\" data-element_type=\"section\">\n\t\t\t\t\t\t<div class=\"elementor-container elementor-column-gap-default\">\n\t\t\t\t\t<div class=\"elementor-column elementor-col-100 elementor-top-column elementor-element elementor-element-1b4cfc7a\" data-id=\"1b4cfc7a\" data-element_type=\"column\">\n\t\t\t<div class=\"elementor-widget-wrap elementor-element-populated\">\n\t\t\t\t\t\t<div class=\"elementor-element elementor-element-6716a358 elementor-widget elementor-widget-text-editor\" data-id=\"6716a358\" data-element_type=\"widget\" data-widget_type=\"text-editor.default\">\n\t\t\t\t<div class=\"elementor-widget-container\">\n\t\t\t\t\t\t\t\t\t<p>Wir haben Sie neugierig gemacht? Sie m\u00f6chten uns kennen lernen?<br \/>Dann m\u00f6chten wir Ihnen Informationen geben, wie Sie Kontakt mit uns aufnehmen k\u00f6nnen:<\/p>\n<p><!-- \/wp:paragraph --><!-- wp:list --><\/p>\n<ul>\n<li><strong>Logenheim<\/strong>\u00a0(hier treffen wir uns zu den gemeinsamen Abenden).<br \/>im Kapellengeb\u00e4ude auf dem Gel\u00e4nde der PK L\u00fcneburg, Geb\u00e4ude 33<br \/>Zufahrt \u00fcber Brockwinkler Weg, 21339 L\u00fcneburg<\/li>\n<\/ul>\n<p><!-- \/wp:list --><!-- wp:list --><\/p>\n<ul>\n<li><strong>1. Vorsitzender<\/strong>:<br \/>Ullrich Goebel, Klosterfeld 13, 21379 Scharnebeck,<br \/>Tel.: 04136 8640<br \/>vorstand(et)loge-suelfmeister.de<\/li>\n<\/ul>\n<p><!-- \/wp:list --><!-- wp:list --><\/p>\n<ul>\n<li><strong>2. Vorsitzender<\/strong>:<br \/>Karsten Everien<br \/>B\u00fchringsmoor 7, 21357 Bardowick \u00a0<br \/>vorstand(et)loge-suelfmeister.de\u00a0<\/li>\n<\/ul>\n<ul>\n<li><strong>Postanschrift<\/strong>:<br \/>Loge S\u00fclfmeister L\u00fcneburg e.V.<br \/>\u2105 Walter Pakull, Kiebitzweg 10, 21407 Deutsch Evern<br \/>vorstand(et)loge-suelfmeister.de<\/li>\n<\/ul>\n<p><!-- \/wp:list --><!-- wp:paragraph --><\/p>\n<p>G\u00e4ste sind uns jederzeit herzlich willkommen.<br \/>Wenn Sie zum ersten Mal kommen, bitten wir Sie um eine Anmeldung per Telefon oder E-Mail.<\/p>\n<p><!-- \/wp:paragraph --><!-- wp:paragraph --><\/p>\n<p>Br\u00fcder anderer Logen sind uns zu allen Logenabenden auch unangemeldet willkommen. Zu den Veranstaltungen bitten wir um formlose Anmeldung, damit wir planen k\u00f6nnen. Wir freuen uns auf Euch.<\/p>\n<p><!-- \/wp:paragraph --><\/p>\t\t\t\t\t\t\t\t<\/div>\n\t\t\t\t<\/div>\n\t\t\t\t\t<\/div>\n\t\t<\/div>\n\t\t\t\t\t<\/div>\n\t\t<\/section>\n\t\t\t\t<\/div>\n\t\t","protected":false},"excerpt":{"rendered":"<p>Wir haben Sie neugierig gemacht? Sie m\u00f6chten uns kennen lernen?Dann m\u00f6chten wir Ihnen Informationen geben, wie Sie Kontakt mit uns aufnehmen k\u00f6nnen: Logenheim\u00a0(hier treffen wir uns zu den gemeinsamen Abenden).im Kapellengeb\u00e4ude auf dem Gel\u00e4nde der PK L\u00fcneburg, Geb\u00e4ude 33Zufahrt \u00fcber Brockwinkler Weg, 21339 L\u00fcneburg 1. Vorsitzender:Ullrich Goebel, Klosterfeld 13, 21379 Scharnebeck,Tel.: 04136 8640vorstand(et)loge-suelfmeister.de 2. Vorsitzender:Karsten &hellip; <\/p>\n<p class=\"link-more\"><a href=\"https:\/\/loge-suelfmeister.de\/index.php\/kontakt\/\" class=\"more-link\"><span class=\"screen-reader-text\">\u201eKontakt\u201c<\/span> weiterlesen<\/a><\/p>\n","protected":false},"author":2,"featured_media":0,"parent":0,"menu_order":0,"comment_status":"closed","ping_status":"closed","template":"","meta":{"footnotes":""},"class_list":["post-79","page","type-page","status-publish","hentry"],"_links":{"self":[{"href":"https:\/\/loge-suelfmeister.de\/index.php\/wp-json\/wp\/v2\/pages\/79","targetHints":{"allow":["GET"]}}],"collection":[{"href":"https:\/\/loge-suelfmeister.de\/index.php\/wp-json\/wp\/v2\/pages"}],"about":[{"href":"https:\/\/loge-suelfmeister.de\/index.php\/wp-json\/wp\/v2\/types\/page"}],"author":[{"embeddable":true,"href":"https:\/\/loge-suelfmeister.de\/index.php\/wp-json\/wp\/v2\/users\/2"}],"replies":[{"embeddable":true,"href":"https:\/\/loge-suelfmeister.de\/index.php\/wp-json\/wp\/v2\/comments?post=79"}],"version-history":[{"count":25,"href":"https:\/\/loge-suelfmeister.de\/index.php\/wp-json\/wp\/v2\/pages\/79\/revisions"}],"predecessor-version":[{"id":250,"href":"https:\/\/loge-suelfmeister.de\/index.php\/wp-json\/wp\/v2\/pages\/79\/revisions\/250"}],"wp:attachment":[{"href":"https:\/\/loge-suelfmeister.de\/index.php\/wp-json\/wp\/v2\/media?parent=79"}],"curies":[{"name":"wp","href":"https:\/\/api.w.org\/{rel}","templated":true}]}}